{"id":23798,"date":"2023-03-22T15:39:30","date_gmt":"2023-03-22T19:39:30","guid":{"rendered":"https:\/\/genomequebec.wp.vortexdev.com\/?page_id=23798"},"modified":"2023-05-10T14:00:54","modified_gmt":"2023-05-10T18:00:54","slug":"all-the-capsules","status":"publish","type":"page","link":"https:\/\/genomequebec.wp.vortexdev.com\/en\/genomics\/our-sectors\/biofood\/all-the-capsules\/","title":{"rendered":"All\u00a0the capsules"},"content":{"rendered":"\n<div class=\"wp-block-media-text alignwide has-media-on-the-right is-stacked-on-mobile\" style=\"grid-template-columns:auto 35%\"><div class=\"wp-block-media-text__content\">\n<p>GENOMICS PROVIDING SOYBEAN FARMERS WITH SUSTAINABLE SOLUTIONS THAT WORK<br>Back in the 1980s, you would have been hard pressed to find soybean crops growing in Qu\u00e9bec. Yet today, it rivals corn.<\/p>\n\n\n\n<div class=\"wp-block-buttons is-layout-flex wp-block-buttons-is-layout-flex\">\n<div class=\"wp-block-button\"><a class=\"wp-block-button__link wp-element-button\" href=\"https:\/\/www.genomequebec.com\/40-agrifood-capsule-genomics-providing-soybean-farmers-with-sustainable-solutions-that-work\/\" target=\"_blank\" rel=\"noopener\">View the information capsule<\/a><\/div>\n<\/div>\n<\/div><figure class=\"wp-block-media-text__media\"><img decoding=\"async\" width=\"480\" height=\"320\" src=\"https:\/\/genomequebec.wp.vortexdev.com\/wp-content\/uploads\/2023\/03\/40_v_La_genomique_une_solution_efficace_et_durable_pour_les_cultivateurs_de_soya.jpg\" alt=\"\" class=\"wp-image-17478 size-full\" srcset=\"https:\/\/genomequebec.wp.vortexdev.com\/wp-content\/uploads\/2023\/03\/40_v_La_genomique_une_solution_efficace_et_durable_pour_les_cultivateurs_de_soya.jpg 480w, https:\/\/genomequebec.wp.vortexdev.com\/wp-content\/uploads\/2023\/03\/40_v_La_genomique_une_solution_efficace_et_durable_pour_les_cultivateurs_de_soya-300x200.jpg 300w\" sizes=\"(max-width: 480px) 100vw, 480px\" \/><\/figure><\/div>\n\n\n\n<div class=\"wp-block-media-text alignwide has-media-on-the-right is-stacked-on-mobile\" style=\"grid-template-columns:auto 35%\"><div class=\"wp-block-media-text__content\">\n<p><strong>UNE RARET\u00c9 EN SANT\u00c9 PUBLIQUE : DE BONNES NOUVELLES \u00c0 PROPOS DE SALMONELLA<\/strong><br>Gr\u00e2ce aux innovations g\u00e9nomiques en microbiologie et \u00e0 la recherche sur les agents pathog\u00e8nes d\u2019origine alimentaire, il y a maintenant de bonnes nouvelles \u00e0 propos de Salmonella.<\/p>\n\n\n\n<div class=\"wp-block-buttons is-layout-flex wp-block-buttons-is-layout-flex\">\n<div class=\"wp-block-button\"><a class=\"wp-block-button__link wp-element-button\" href=\"https:\/\/genomequebec.wp.vortexdev.com\/la-genomique\/nos-secteurs\/agroalimentaire\/une-rarete-en-sante-publique-de-bonnes-nouvelles-a-propos-de-salmonella\/\">Voir la capsule d&#8217;information<\/a><\/div>\n<\/div>\n<\/div><figure class=\"wp-block-media-text__media\"><img decoding=\"async\" width=\"480\" height=\"320\" src=\"https:\/\/genomequebec.wp.vortexdev.com\/wp-content\/uploads\/2023\/03\/39_v_Une_rarete_en_sante_publique___de_bonnes_nouvelles_a_propos_de_Salmonella.jpg\" alt=\"\" class=\"wp-image-17480 size-full\" srcset=\"https:\/\/genomequebec.wp.vortexdev.com\/wp-content\/uploads\/2023\/03\/39_v_Une_rarete_en_sante_publique___de_bonnes_nouvelles_a_propos_de_Salmonella.jpg 480w, https:\/\/genomequebec.wp.vortexdev.com\/wp-content\/uploads\/2023\/03\/39_v_Une_rarete_en_sante_publique___de_bonnes_nouvelles_a_propos_de_Salmonella-300x200.jpg 300w\" sizes=\"(max-width: 480px) 100vw, 480px\" \/><\/figure><\/div>\n\n\n\n<div class=\"wp-block-media-text alignwide has-media-on-the-right is-stacked-on-mobile\" style=\"grid-template-columns:auto 35%\"><div class=\"wp-block-media-text__content\">\n<p><strong>OPTIMISER L&#8217;ALIMENTATION DESTIN\u00c9E AUX PORCS ET \u00c0 LA VOLAILLE<\/strong><br>On n\u2019engraisse pas les cochons \u00e0 l\u2019eau claire. Parlez-en aux \u00e9leveurs du Qu\u00e9bec : pour obtenir 100 kg de porc, ils doivent fournir 300 kg de moul\u00e9e \u00e0 leurs prot\u00e9g\u00e9s.<\/p>\n\n\n\n<div class=\"wp-block-buttons is-layout-flex wp-block-buttons-is-layout-flex\">\n<div class=\"wp-block-button\"><a class=\"wp-block-button__link wp-element-button\" href=\"https:\/\/genomequebec.wp.vortexdev.com\/la-genomique\/nos-secteurs\/agroalimentaire\/optimiser-lalimentation-destinee-aux-porcs-et-a-la-volaille\/\">Voir la capsule d&#8217;information<\/a><\/div>\n<\/div>\n<\/div><figure class=\"wp-block-media-text__media\"><img decoding=\"async\" width=\"480\" height=\"320\" src=\"https:\/\/genomequebec.wp.vortexdev.com\/wp-content\/uploads\/2023\/03\/35_v_Optimiser_l_alimentation_destinee_aux_porcs_et_a_la_volaille.jpg\" alt=\"\" class=\"wp-image-17482 size-full\" srcset=\"https:\/\/genomequebec.wp.vortexdev.com\/wp-content\/uploads\/2023\/03\/35_v_Optimiser_l_alimentation_destinee_aux_porcs_et_a_la_volaille.jpg 480w, https:\/\/genomequebec.wp.vortexdev.com\/wp-content\/uploads\/2023\/03\/35_v_Optimiser_l_alimentation_destinee_aux_porcs_et_a_la_volaille-300x200.jpg 300w\" sizes=\"(max-width: 480px) 100vw, 480px\" \/><\/figure><\/div>\n\n\n\n<div class=\"wp-block-media-text alignwide has-media-on-the-right is-stacked-on-mobile\" style=\"grid-template-columns:auto 35%\"><div class=\"wp-block-media-text__content\">\n<p><strong>LA G\u00c9NOMIQUE, NOUVELLE ALLI\u00c9E DES FROMAGERS<\/strong><br>On sous-estime la vie qui prolif\u00e8re sur un fromage. C\u2019est pourtant d\u2019elle que d\u00e9pend toute la saveur de l\u2019aliment!<\/p>\n\n\n\n<div class=\"wp-block-buttons is-layout-flex wp-block-buttons-is-layout-flex\">\n<div class=\"wp-block-button\"><a class=\"wp-block-button__link wp-element-button\" href=\"https:\/\/genomequebec.wp.vortexdev.com\/la-genomique\/nos-secteurs\/agroalimentaire\/la-genomique-nouvelle-alliee-des-fromagers\/\">Voir la capsule d&#8217;information<\/a><\/div>\n<\/div>\n<\/div><figure class=\"wp-block-media-text__media\"><img decoding=\"async\" width=\"480\" height=\"320\" src=\"https:\/\/genomequebec.wp.vortexdev.com\/wp-content\/uploads\/2023\/03\/26_v_La_genomique_nouvelle_alliee_des_fromagers.jpg\" alt=\"\" class=\"wp-image-17484 size-full\" srcset=\"https:\/\/genomequebec.wp.vortexdev.com\/wp-content\/uploads\/2023\/03\/26_v_La_genomique_nouvelle_alliee_des_fromagers.jpg 480w, https:\/\/genomequebec.wp.vortexdev.com\/wp-content\/uploads\/2023\/03\/26_v_La_genomique_nouvelle_alliee_des_fromagers-300x200.jpg 300w\" sizes=\"(max-width: 480px) 100vw, 480px\" \/><\/figure><\/div>\n","protected":false},"excerpt":{"rendered":"","protected":false},"author":1,"featured_media":0,"parent":23306,"menu_order":0,"comment_status":"closed","ping_status":"closed","template":"","meta":{"_acf_changed":false,"_relevanssi_hide_post":"","_relevanssi_hide_content":"","_relevanssi_pin_for_all":"","_relevanssi_pin_keywords":"","_relevanssi_unpin_keywords":"","_relevanssi_related_keywords":"","_relevanssi_related_include_ids":"","_relevanssi_related_exclude_ids":"","_relevanssi_related_no_append":"","_relevanssi_related_not_related":"","_relevanssi_related_posts":"","_relevanssi_noindex_reason":"","footnotes":""},"class_list":["post-23798","page","type-page","status-publish","hentry"],"acf":[],"_links":{"self":[{"href":"https:\/\/genomequebec.wp.vortexdev.com\/en\/wp-json\/wp\/v2\/pages\/23798","targetHints":{"allow":["GET"]}}],"collection":[{"href":"https:\/\/genomequebec.wp.vortexdev.com\/en\/wp-json\/wp\/v2\/pages"}],"about":[{"href":"https:\/\/genomequebec.wp.vortexdev.com\/en\/wp-json\/wp\/v2\/types\/page"}],"author":[{"embeddable":true,"href":"https:\/\/genomequebec.wp.vortexdev.com\/en\/wp-json\/wp\/v2\/users\/1"}],"replies":[{"embeddable":true,"href":"https:\/\/genomequebec.wp.vortexdev.com\/en\/wp-json\/wp\/v2\/comments?post=23798"}],"version-history":[{"count":2,"href":"https:\/\/genomequebec.wp.vortexdev.com\/en\/wp-json\/wp\/v2\/pages\/23798\/revisions"}],"predecessor-version":[{"id":23800,"href":"https:\/\/genomequebec.wp.vortexdev.com\/en\/wp-json\/wp\/v2\/pages\/23798\/revisions\/23800"}],"up":[{"embeddable":true,"href":"https:\/\/genomequebec.wp.vortexdev.com\/en\/wp-json\/wp\/v2\/pages\/23306"}],"wp:attachment":[{"href":"https:\/\/genomequebec.wp.vortexdev.com\/en\/wp-json\/wp\/v2\/media?parent=23798"}],"curies":[{"name":"wp","href":"https:\/\/api.w.org\/{rel}","templated":true}]}}